{"id":2790,"date":"2017-11-08T13:50:20","date_gmt":"2017-11-08T13:50:20","guid":{"rendered":"http:\/\/gastrobar.edge-themes.com\/?page_id=13"},"modified":"2025-02-18T13:40:47","modified_gmt":"2025-02-18T12:40:47","slug":"main-home","status":"publish","type":"page","link":"https:\/\/caglar-hrs.de\/","title":{"rendered":"Main Home"},"content":{"rendered":"<section class=\"wpb-content-wrapper\"><p>[vc_row css=&#8220;.vc_custom_1512731014402{margin-top: 0px !important;margin-right: 0px !important;margin-bottom: 0px !important;margin-left: 0px !important;padding-top: 0px !important;padding-right: 0px !important;padding-bottom: 0px !important;padding-left: 0px !important;background-color: #000000 !important;}&#8220; simple_background_color=&#8220;#000000&#8243; el_class=&#8220;.edgtf-rev-main-home-slider&#8220;][vc_column css=&#8220;.vc_custom_1511367652766{margin-top: 0px !important;margin-right: 0px !important;margin-bottom: 0px !important;margin-left: 0px !important;padding-top: 0px !important;padding-right: 0px !important;padding-bottom: 0px !important;padding-left: 0px !important;}&#8220;][rev_slider_vc alias=&#8220;home-11&#8243; enable_paspartu=&#8220;no&#8220;][\/vc_column][\/vc_row][vc_row row_content_width=&#8220;grid&#8220; content_text_aligment=&#8220;right&#8220; css=&#8220;.vc_custom_1512552318796{padding-top: 25px !important;padding-bottom: 70px !important;}&#8220;][vc_column offset=&#8220;vc_col-lg-6 vc_col-md-12 vc_col-xs-12&#8243;]<div class=\"edgtf-animation-holder edgtf-element-from-left\" data-animation=\"edgtf-element-from-left\" data-animation-delay=\"\"><div class=\"edgtf-animation-inner\">[vc_single_image image=&#8220;3161&#8243; img_size=&#8220;full&#8220;]<\/div><\/div>[\/vc_column][vc_column offset=&#8220;vc_col-lg-6 vc_col-md-12 vc_col-xs-12&#8243;]<div class=\"edgtf-elements-holder   edgtf-one-column  edgtf-responsive-mode-768 \" ><div class=\"edgtf-eh-item    \"  data-item-class=\"edgtf-eh-custom-8228\" data-1024-1280=\"15% 3% 5% 14%\" data-768-1024=\"5% 0% 5% 2%\">\n\t<div class=\"edgtf-eh-item-inner\">\n\t\t<div class=\"edgtf-eh-item-content edgtf-eh-custom-8228\" style=\"padding: 21% 3% 5% 14%\">\n\t\t\t[vc_column_text]<\/p>\n<h3 style=\"text-align: right;\">CAGLAR B\u00c4CKEREI HRS<\/h3>\n<p>[\/vc_column_text][vc_empty_space height=&#8220;15px&#8220;][vc_column_text]<\/p>\n<p style=\"text-align: right;\"><span style=\"color: #7e7e7e;\">Herzlich Willkommen in der Caglar B\u00e4ckerei Hinrichsenstra\u00dfe!<br \/>\nWir freuen uns, euch nun auch im nord\u00f6stlichen Teil Hamburgs willkommen hei\u00dfen zu d\u00fcrfen. Direkt am Marienkrankenhaus und damit sehr zentral gelegen, verw\u00f6hnen wir euch in gewohnter Tradition mit unserem beliebten Fr\u00fchst\u00fccks- und Mittagsangebot.<br \/>\nKommt vorbei und genie\u00dft!<br \/>\n<\/span><\/p>\n<p>[\/vc_column_text][vc_empty_space]\t\t<\/div>\n\t<\/div>\n<\/div><\/div>[vc_row_inner gap=&#8220;3&#8243;][vc_column_inner width=&#8220;1\/2&#8243;]<a itemprop=\"url\" href=\"https:\/\/caglar-hrs.de\/wp-content\/uploads\/2025\/02\/Caglar_F_webformat.pdf\" target=\"_blank\"  class=\"edgtf-btn edgtf-btn-medium edgtf-btn-solid \"  >\n        <span class=\"edgtf-btn-text\">Fr\u00fchst\u00fcckskarte<\/span>\n    <\/a>[\/vc_column_inner][vc_column_inner width=&#8220;1\/2&#8243;]<a itemprop=\"url\" href=\"https:\/\/caglar-hrs.de\/wp-content\/uploads\/2025\/02\/Caglar_M_webformat.pdf\" target=\"_blank\"  class=\"edgtf-btn edgtf-btn-medium edgtf-btn-solid \"  >\n        <span class=\"edgtf-btn-text\">Mittagskarte<\/span>\n    <\/a>[\/vc_column_inner][\/vc_row_inner][\/vc_column][\/vc_row][vc_row parallax_background_image=&#8220;3159&#8243;][vc_column]<div class=\"edgtf-elements-holder   edgtf-one-column  edgtf-responsive-mode-768 \" ><div class=\"edgtf-eh-item   edgtf-horizontal-alignment-center \"  data-item-class=\"edgtf-eh-custom-8729\" data-680-768=\"5% 10% 3% 10%\" data-680=\"5% 10% 3% 10%\">\n\t<div class=\"edgtf-eh-item-inner\">\n\t\t<div class=\"edgtf-eh-item-content edgtf-eh-custom-8729\" style=\"padding: 4% 10% 0% 10%\">\n\t\t\t[vc_single_image image=&#8220;23&#8243; img_size=&#8220;513&#215;594&#8243; alignment=&#8220;center&#8220;]\t\t<\/div>\n\t<\/div>\n<\/div><\/div>[\/vc_column][\/vc_row][vc_row][vc_column][rev_slider_vc alias=&#8220;main-home-slider-i&#8220; enable_paspartu=&#8220;no&#8220;][\/vc_column][\/vc_row][vc_row][vc_column]<div class=\"edgtf-image-gallery  edgtf-ig-grid-type edgtf-no-space  edgtf-image-behavior-lightbox\">\n\t<div class=\"edgtf-ig-inner edgtf-outer-space edgtf-ig-grid edgtf-ig-four-columns\">\n\t\t\t\t\t<div class=\"edgtf-ig-image edgtf-item-space\">\n\t\t\t\t<div class=\"edgtf-ig-image-inner\">\n\t\t\t\t\t\t\t\t\t\t\t<a itemprop=\"image\" class=\"edgtf-ig-lightbox\" href=\"https:\/\/caglar-hrs.de\/wp-content\/uploads\/2025\/02\/gallery2-1.png\" data-rel=\"prettyPhoto[image_gallery_pretty_photo-994]\" title=\"gallery2\">\n\t\t\t\t\t\t\t\t\t\t\t<img loading=\"lazy\" decoding=\"async\" width=\"600\" height=\"662\" src=\"https:\/\/caglar-hrs.de\/wp-content\/uploads\/2025\/02\/gallery2-1.png\" class=\"attachment-full size-full\" alt=\"\" srcset=\"https:\/\/caglar-hrs.de\/wp-content\/uploads\/2025\/02\/gallery2-1.png 600w, https:\/\/caglar-hrs.de\/wp-content\/uploads\/2025\/02\/gallery2-1-272x300.png 272w\" sizes=\"auto, (max-width: 600px) 100vw, 600px\" \/>\t\t\t\t\t\t\t\t\t\t\t<\/a>\n\t\t\t\t\t\t\t\t\t<\/div>\n\t\t\t<\/div>\n\t\t\t\t\t<div class=\"edgtf-ig-image edgtf-item-space\">\n\t\t\t\t<div class=\"edgtf-ig-image-inner\">\n\t\t\t\t\t\t\t\t\t\t\t<a itemprop=\"image\" class=\"edgtf-ig-lightbox\" href=\"https:\/\/caglar-hrs.de\/wp-content\/uploads\/2025\/02\/gallery2.png\" data-rel=\"prettyPhoto[image_gallery_pretty_photo-994]\" title=\"gallery2\">\n\t\t\t\t\t\t\t\t\t\t\t<img loading=\"lazy\" decoding=\"async\" width=\"600\" height=\"662\" src=\"https:\/\/caglar-hrs.de\/wp-content\/uploads\/2025\/02\/gallery2.png\" class=\"attachment-full size-full\" alt=\"\" srcset=\"https:\/\/caglar-hrs.de\/wp-content\/uploads\/2025\/02\/gallery2.png 600w, https:\/\/caglar-hrs.de\/wp-content\/uploads\/2025\/02\/gallery2-272x300.png 272w\" sizes=\"auto, (max-width: 600px) 100vw, 600px\" \/>\t\t\t\t\t\t\t\t\t\t\t<\/a>\n\t\t\t\t\t\t\t\t\t<\/div>\n\t\t\t<\/div>\n\t\t\t\t\t<div class=\"edgtf-ig-image edgtf-item-space\">\n\t\t\t\t<div class=\"edgtf-ig-image-inner\">\n\t\t\t\t\t\t\t\t\t\t\t<a itemprop=\"image\" class=\"edgtf-ig-lightbox\" href=\"https:\/\/caglar-hrs.de\/wp-content\/uploads\/2025\/02\/gallery3.png\" data-rel=\"prettyPhoto[image_gallery_pretty_photo-994]\" title=\"gallery3\">\n\t\t\t\t\t\t\t\t\t\t\t<img loading=\"lazy\" decoding=\"async\" width=\"600\" height=\"662\" src=\"https:\/\/caglar-hrs.de\/wp-content\/uploads\/2025\/02\/gallery3.png\" class=\"attachment-full size-full\" alt=\"\" srcset=\"https:\/\/caglar-hrs.de\/wp-content\/uploads\/2025\/02\/gallery3.png 600w, https:\/\/caglar-hrs.de\/wp-content\/uploads\/2025\/02\/gallery3-272x300.png 272w\" sizes=\"auto, (max-width: 600px) 100vw, 600px\" \/>\t\t\t\t\t\t\t\t\t\t\t<\/a>\n\t\t\t\t\t\t\t\t\t<\/div>\n\t\t\t<\/div>\n\t\t\t\t\t<div class=\"edgtf-ig-image edgtf-item-space\">\n\t\t\t\t<div class=\"edgtf-ig-image-inner\">\n\t\t\t\t\t\t\t\t\t\t\t<a itemprop=\"image\" class=\"edgtf-ig-lightbox\" href=\"https:\/\/caglar-hrs.de\/wp-content\/uploads\/2025\/02\/gallery5.png\" data-rel=\"prettyPhoto[image_gallery_pretty_photo-994]\" title=\"gallery5\">\n\t\t\t\t\t\t\t\t\t\t\t<img loading=\"lazy\" decoding=\"async\" width=\"600\" height=\"662\" src=\"https:\/\/caglar-hrs.de\/wp-content\/uploads\/2025\/02\/gallery5.png\" class=\"attachment-full size-full\" alt=\"\" srcset=\"https:\/\/caglar-hrs.de\/wp-content\/uploads\/2025\/02\/gallery5.png 600w, https:\/\/caglar-hrs.de\/wp-content\/uploads\/2025\/02\/gallery5-272x300.png 272w\" sizes=\"auto, (max-width: 600px) 100vw, 600px\" \/>\t\t\t\t\t\t\t\t\t\t\t<\/a>\n\t\t\t\t\t\t\t\t\t<\/div>\n\t\t\t<\/div>\n\t\t\t<\/div>\n<\/div>[\/vc_column][\/vc_row][vc_row content_placement=&#8220;middle&#8220; row_content_width=&#8220;grid&#8220; content_text_aligment=&#8220;center&#8220; css=&#8220;.vc_custom_1511176791229{padding-top: 30px !important;padding-bottom: 100px !important;}&#8220;][vc_column]<div class=\"edgtf-elements-holder   edgtf-one-column  edgtf-responsive-mode-768 \" ><div class=\"edgtf-eh-item    \"  data-item-class=\"edgtf-eh-custom-4340\">\n\t<div class=\"edgtf-eh-item-inner\">\n\t\t<div class=\"edgtf-eh-item-content edgtf-eh-custom-4340\" style=\"padding: 130px 0% 0% 0%\">\n\t\t\t<div class=\"edgtf-section-title-holder   \" >\n\t<div class=\"edgtf-st-inner\">\n\t\t\t\t\t\t\t<h2 class=\"edgtf-st-title \" >\n\t\t\t\tCAGLAR BEDEUTET VIELFALT\t\t\t<\/h2>\n\t\t\t\t\t\t\t<p class=\"edgtf-st-text\" >\n\t\t\t\tDarum lohnt sich ein Besuch bei uns!\t\t\t<\/p>\n\t\t\t<\/div>\n<\/div>[vc_empty_space height=&#8220;75px&#8220;]\t\t<\/div>\n\t<\/div>\n<\/div><\/div><div class=\"edgtf-item-showcase-holder clearfix\"><div class=\"edgtf-is-item edgtf-is-left edgtf-is-has-icon edgtf-is-has-hover-icon\">\n\t\t\t<div class=\"edgtf-is-icon\">\n\t\t\t<img loading=\"lazy\" decoding=\"async\" width=\"65\" height=\"56\" src=\"https:\/\/caglar-hrs.de\/wp-content\/uploads\/2025\/02\/list_red.png\" class=\"edgtf-is-default-img\" alt=\"\" \/>\t\t\t<img loading=\"lazy\" decoding=\"async\" width=\"65\" height=\"56\" src=\"https:\/\/caglar-hrs.de\/wp-content\/uploads\/2025\/02\/list_black.png\" class=\"edgtf-is-hover-img\" alt=\"\" \/>\t\t<\/div>\n\t\t<div class=\"edgtf-is-content\">\n\t\t\t\t\t<h5 class=\"edgtf-is-title\" >\n\t\t\t\t\t\t\t\tFr\u00fchst\u00fcck\t\t\t\t\t\t\t<\/h5>\n\t\t\t\t\t\t\t<p class=\"edgtf-is-text\" >Fr\u00fchst\u00fccksplatten mit Br\u00f6tchen und Simit, Hot Pans oder ein schnelles Sandwich to go, hei\u00dfer Kaffee und frisch gepresster Orangensaft - mit uns startest du gest\u00e4rkt und individuell in deinen Tag!<\/p>\n\t\t\t<\/div>\n<\/div><div class=\"edgtf-is-item edgtf-is-left edgtf-is-has-icon edgtf-is-has-hover-icon\">\n\t\t\t<div class=\"edgtf-is-icon\">\n\t\t\t<img loading=\"lazy\" decoding=\"async\" width=\"65\" height=\"56\" src=\"https:\/\/caglar-hrs.de\/wp-content\/uploads\/2025\/02\/list_red.png\" class=\"edgtf-is-default-img\" alt=\"\" \/>\t\t\t<img loading=\"lazy\" decoding=\"async\" width=\"65\" height=\"56\" src=\"https:\/\/caglar-hrs.de\/wp-content\/uploads\/2025\/02\/list_black.png\" class=\"edgtf-is-hover-img\" alt=\"\" \/>\t\t<\/div>\n\t\t<div class=\"edgtf-is-content\">\n\t\t\t\t\t<h5 class=\"edgtf-is-title\" >\n\t\t\t\t\t\t\t\tGetr\u00e4nke\t\t\t\t\t\t\t<\/h5>\n\t\t\t\t\t\t\t<p class=\"edgtf-is-text\" >Mit hei\u00dfem Kaffee, w\u00e4rmendem Tee, Kakao, Orangensaft oder einem erfrischenden Getr\u00e4nk aus der K\u00fchlung stillen wir deinen Durst.<\/p>\n\t\t\t<\/div>\n<\/div><div class=\"edgtf-is-item edgtf-is-right edgtf-is-has-icon edgtf-is-has-hover-icon\">\n\t\t\t<div class=\"edgtf-is-icon\">\n\t\t\t<img loading=\"lazy\" decoding=\"async\" width=\"65\" height=\"56\" src=\"https:\/\/caglar-hrs.de\/wp-content\/uploads\/2025\/02\/list_red.png\" class=\"edgtf-is-default-img\" alt=\"\" \/>\t\t\t<img loading=\"lazy\" decoding=\"async\" width=\"65\" height=\"56\" src=\"https:\/\/caglar-hrs.de\/wp-content\/uploads\/2025\/02\/list_black.png\" class=\"edgtf-is-hover-img\" alt=\"\" \/>\t\t<\/div>\n\t\t<div class=\"edgtf-is-content\">\n\t\t\t\t\t<h5 class=\"edgtf-is-title\" >\n\t\t\t\t\t\t\t\tBackwaren\t\t\t\t\t\t\t<\/h5>\n\t\t\t\t\t\t\t<p class=\"edgtf-is-text\" >Bei uns findest du eine knackig-frische Auswahl klassischer t\u00fcrkischer und deutscher Backwaren. Br\u00f6tchen aller Art, Fladenbrot, das leckerste Simit der Stadt und auch s\u00fc\u00dfe Franzbr\u00f6tchen, Croissants und Baklava.<\/p>\n\t\t\t<\/div>\n<\/div><div class=\"edgtf-is-item edgtf-is-right edgtf-is-has-icon edgtf-is-has-hover-icon\">\n\t\t\t<div class=\"edgtf-is-icon\">\n\t\t\t<img loading=\"lazy\" decoding=\"async\" width=\"65\" height=\"56\" src=\"https:\/\/caglar-hrs.de\/wp-content\/uploads\/2025\/02\/list_red.png\" class=\"edgtf-is-default-img\" alt=\"\" \/>\t\t\t<img loading=\"lazy\" decoding=\"async\" width=\"65\" height=\"56\" src=\"https:\/\/caglar-hrs.de\/wp-content\/uploads\/2025\/02\/list_black.png\" class=\"edgtf-is-hover-img\" alt=\"\" \/>\t\t<\/div>\n\t\t<div class=\"edgtf-is-content\">\n\t\t\t\t\t<h5 class=\"edgtf-is-title\" >\n\t\t\t\t\t\t\t\tFrische Zubereitung\t\t\t\t\t\t\t<\/h5>\n\t\t\t\t\t\t\t<p class=\"edgtf-is-text\" >All unsere Speisen werden frisch und vor Ort f\u00fcr dich zubereitet.<\/p>\n\t\t\t<\/div>\n<\/div><div class=\"edgtf-is-item edgtf-is-right edgtf-is-has-icon edgtf-is-has-hover-icon\">\n\t\t\t<div class=\"edgtf-is-icon\">\n\t\t\t<img loading=\"lazy\" decoding=\"async\" width=\"65\" height=\"56\" src=\"https:\/\/caglar-hrs.de\/wp-content\/uploads\/2025\/02\/list_red.png\" class=\"edgtf-is-default-img\" alt=\"\" \/>\t\t\t<img loading=\"lazy\" decoding=\"async\" width=\"65\" height=\"56\" src=\"https:\/\/caglar-hrs.de\/wp-content\/uploads\/2025\/02\/list_black.png\" class=\"edgtf-is-hover-img\" alt=\"\" \/>\t\t<\/div>\n\t\t<div class=\"edgtf-is-content\">\n\t\t\t\t\t<h5 class=\"edgtf-is-title\" >\n\t\t\t\t\t\t\t\tAmbiente\t\t\t\t\t\t\t<\/h5>\n\t\t\t\t\t\t\t<p class=\"edgtf-is-text\" >Genie\u00dfe die Zeit bei uns in einem ansprechenden und freundlichen Ambiente, mit gem\u00fctlichen Sitzecken, in denen du in kleiner oder gr\u00f6\u00dferer Runde speisen und entspannen kannst.<\/p>\n\t\t\t<\/div>\n<\/div><div class=\"edgtf-is-item edgtf-is-left edgtf-is-has-icon edgtf-is-has-hover-icon\">\n\t\t\t<div class=\"edgtf-is-icon\">\n\t\t\t<img loading=\"lazy\" decoding=\"async\" width=\"65\" height=\"56\" src=\"https:\/\/caglar-hrs.de\/wp-content\/uploads\/2025\/02\/list_red.png\" class=\"edgtf-is-default-img\" alt=\"\" \/>\t\t\t<img loading=\"lazy\" decoding=\"async\" width=\"65\" height=\"56\" src=\"https:\/\/caglar-hrs.de\/wp-content\/uploads\/2025\/02\/list_black.png\" class=\"edgtf-is-hover-img\" alt=\"\" \/>\t\t<\/div>\n\t\t<div class=\"edgtf-is-content\">\n\t\t\t\t\t<h5 class=\"edgtf-is-title\" >\n\t\t\t\t\t\t\t\tLunch\t\t\t\t\t\t\t<\/h5>\n\t\t\t\t\t\t\t<p class=\"edgtf-is-text\" >Zu Mittag gibt es bei uns eine gro\u00dfe Auswahl an Pizzas, Croques, Pasta, Burger, Pide und K\u00f6fte. F\u00fcr jeden Geschmack ist etwas dabei!<\/p>\n\t\t\t<\/div>\n<\/div><div class=\"edgtf-is-image\" style=\"margin-top: 36px\"><img loading=\"lazy\" decoding=\"async\" width=\"411\" height=\"411\" src=\"https:\/\/caglar-hrs.de\/wp-content\/uploads\/2025\/02\/circle.png\" class=\"attachment-full size-full\" alt=\"\" srcset=\"https:\/\/caglar-hrs.de\/wp-content\/uploads\/2025\/02\/circle.png 411w, https:\/\/caglar-hrs.de\/wp-content\/uploads\/2025\/02\/circle-300x300.png 300w, https:\/\/caglar-hrs.de\/wp-content\/uploads\/2025\/02\/circle-150x150.png 150w, https:\/\/caglar-hrs.de\/wp-content\/uploads\/2025\/02\/circle-100x100.png 100w\" sizes=\"auto, (max-width: 411px) 100vw, 411px\" \/><\/div><\/div>[vc_empty_space height=&#8220;30px&#8220;][\/vc_column][\/vc_row][vc_row row_content_width=&#8220;grid&#8220; parallax_background_image=&#8220;1908&#8243;][vc_column]<div class=\"edgtf-elements-holder   edgtf-one-column  edgtf-responsive-mode-768 \" ><div class=\"edgtf-eh-item    \"  data-item-class=\"edgtf-eh-custom-6972\">\n\t<div class=\"edgtf-eh-item-inner\">\n\t\t<div class=\"edgtf-eh-item-content edgtf-eh-custom-6972\" style=\"padding: 95px 0% 45px 0%\">\n\t\t\t<div class=\"edgtf-testimonials-holder edgtf-testimonials-light clearfix\"><img decoding=\"async\" class=\"edgtf-testimonials-img\" src=\"https:\/\/caglar-hrs.de\/wp-content\/uploads\/2025\/01\/blank.png\" alt=\"testimonials image\" \/><div class=\"edgtf-testimonials edgtf-owl-slider\" data-number-of-items=\"1\" data-enable-loop=\"yes\" data-enable-autoplay=\"yes\" data-slider-speed=\"5000\" data-slider-speed-animation=\"600\" data-enable-navigation=\"yes\" data-enable-pagination=\"no\"><div class=\"edgtf-testimonial-content\" id=\"edgtf-testimonials-218\">\n\t\t\t<div class=\"edgtf-testimonial-image\">\n\t\t\t<img loading=\"lazy\" decoding=\"async\" width=\"76\" height=\"76\" src=\"https:\/\/caglar-hrs.de\/wp-content\/uploads\/2017\/12\/landing-inner-6.png\" class=\"attachment-98x98 size-98x98 wp-post-image\" alt=\"caglar\" \/>\t\t<\/div>\n\t\t<div class=\"edgtf-testimonial-text-holder\">\n\t\t\t\t\t<h4 class=\"edgtf-testimonial-text\">Sehr Neu, leckere Speisen, offene, einsehbare K\u00fcche. Frisch zubereitet, kein Convenience Food. Schneller und guter Service. Sehr zu empfehlen. Ideal f\u00fcr die Pause, schnellen Hunger. Gut gelegen am Krankenhaus!<\/h4>\n\t\t\t\t\t\t\t<h5 class=\"edgtf-testimonial-author\">\n\t\t\t\t<span class=\"edgtf-testimonials-author-name\">Bjoern,<\/span>\n\t\t\t\t\t\t\t\t\t<span class=\"edgtf-testimonials-author-job\">Kunde &amp; Google User<\/span>\n\t\t\t\t\t\t\t<\/h5>\n\t\t\t<\/div>\n<\/div><div class=\"edgtf-testimonial-content\" id=\"edgtf-testimonials-217\">\n\t\t\t<div class=\"edgtf-testimonial-image\">\n\t\t\t<img loading=\"lazy\" decoding=\"async\" width=\"76\" height=\"76\" src=\"https:\/\/caglar-hrs.de\/wp-content\/uploads\/2017\/12\/landing-inner-6.png\" class=\"attachment-98x98 size-98x98 wp-post-image\" alt=\"caglar\" \/>\t\t<\/div>\n\t\t<div class=\"edgtf-testimonial-text-holder\">\n\t\t\t\t\t<h4 class=\"edgtf-testimonial-text\">Sehr gem\u00fctlich eingerichtetes Caf\u00e9. Es gibt eine gute Auswahl an s\u00fc\u00dfen und herzhaften Speisen. Wir haben uns f\u00fcr die herzhafte Variante entschieden und waren sehr zufrieden(...)<\/h4>\n\t\t\t\t\t\t\t<h5 class=\"edgtf-testimonial-author\">\n\t\t\t\t<span class=\"edgtf-testimonials-author-name\">Viktor, <\/span>\n\t\t\t\t\t\t\t\t\t<span class=\"edgtf-testimonials-author-job\">Kunde &amp; Google User<\/span>\n\t\t\t\t\t\t\t<\/h5>\n\t\t\t<\/div>\n<\/div><div class=\"edgtf-testimonial-content\" id=\"edgtf-testimonials-211\">\n\t\t\t<div class=\"edgtf-testimonial-image\">\n\t\t\t<img loading=\"lazy\" decoding=\"async\" width=\"76\" height=\"76\" src=\"https:\/\/caglar-hrs.de\/wp-content\/uploads\/2017\/12\/landing-inner-6.png\" class=\"attachment-98x98 size-98x98 wp-post-image\" alt=\"caglar\" \/>\t\t<\/div>\n\t\t<div class=\"edgtf-testimonial-text-holder\">\n\t\t\t\t\t<h4 class=\"edgtf-testimonial-text\">Was f\u00fcr ein sch\u00f6ner Laden...war heute dort Fr\u00fchst\u00fcck holen...Sehr freundliche Mitarbeiterin, tolle Produkte und prima Service. Hier werde ich \u00f6fters vorbeischauen.<\/h4>\n\t\t\t\t\t\t\t<h5 class=\"edgtf-testimonial-author\">\n\t\t\t\t<span class=\"edgtf-testimonials-author-name\">Denise,<\/span>\n\t\t\t\t\t\t\t\t\t<span class=\"edgtf-testimonials-author-job\">Kundin &amp; Google Userin<\/span>\n\t\t\t\t\t\t\t<\/h5>\n\t\t\t<\/div>\n<\/div><\/div><\/div>\t\t<\/div>\n\t<\/div>\n<\/div><\/div>[\/vc_column][\/vc_row]<\/p>\n<\/section>","protected":false},"excerpt":{"rendered":"<p>[vc_row css=&#8220;.vc_custom_1512731014402{margin-top: 0px !important;margin-right: 0px !important;margin-bottom: 0px !important;margin-left: 0px !important;padding-top: 0px !important;padding-right: 0px !important;padding-bottom: 0px !important;padding-left: 0px !important;background-color: #000000 !important;}&#8220; simple_background_color=&#8220;#000000&#8243; el_class=&#8220;.edgtf-rev-main-home-slider&#8220;][vc_column css=&#8220;.vc_custom_1511367652766{margin-top: 0px !important;margin-right: 0px !important;margin-bottom: 0px !important;margin-left: 0px !important;padding-top: 0px !important;padding-right: 0px !important;padding-bottom: 0px !important;padding-left: 0px !important;}&#8220;][rev_slider_vc alias=&#8220;home-11&#8243; [&hellip;]<\/p>\n","protected":false},"author":1,"featured_media":0,"parent":0,"menu_order":0,"comment_status":"closed","ping_status":"closed","template":"full-width.php","meta":{"footnotes":""},"class_list":["post-2790","page","type-page","status-publish","hentry"],"_links":{"self":[{"href":"https:\/\/caglar-hrs.de\/index.php?rest_route=\/wp\/v2\/pages\/2790","targetHints":{"allow":["GET"]}}],"collection":[{"href":"https:\/\/caglar-hrs.de\/index.php?rest_route=\/wp\/v2\/pages"}],"about":[{"href":"https:\/\/caglar-hrs.de\/index.php?rest_route=\/wp\/v2\/types\/page"}],"author":[{"embeddable":true,"href":"https:\/\/caglar-hrs.de\/index.php?rest_route=\/wp\/v2\/users\/1"}],"replies":[{"embeddable":true,"href":"https:\/\/caglar-hrs.de\/index.php?rest_route=%2Fwp%2Fv2%2Fcomments&post=2790"}],"version-history":[{"count":126,"href":"https:\/\/caglar-hrs.de\/index.php?rest_route=\/wp\/v2\/pages\/2790\/revisions"}],"predecessor-version":[{"id":3224,"href":"https:\/\/caglar-hrs.de\/index.php?rest_route=\/wp\/v2\/pages\/2790\/revisions\/3224"}],"wp:attachment":[{"href":"https:\/\/caglar-hrs.de\/index.php?rest_route=%2Fwp%2Fv2%2Fmedia&parent=2790"}],"curies":[{"name":"wp","href":"https:\/\/api.w.org\/{rel}","templated":true}]}}